{"id":103,"date":"2018-08-08T12:17:21","date_gmt":"2018-08-08T09:17:21","guid":{"rendered":"https:\/\/www.vossikka.com\/?page_id=103"},"modified":"2018-11-30T09:53:31","modified_gmt":"2018-11-30T07:53:31","slug":"hevoskyyti","status":"publish","type":"page","link":"https:\/\/www.vossikka.com\/index.php\/palvelut\/hevoskyyti\/","title":{"rendered":"Hevoskyyditykset"},"content":{"rendered":"<h2>Kyyditykset hevosella<\/h2>\n<p><img loading=\"lazy\" class=\"aligncenter size-full wp-image-104\" src=\"https:\/\/www.vossikka.com\/wp-content\/uploads\/2018\/08\/raahe-kirkkokuva.jpg\" alt=\"\" width=\"605\" height=\"959\" srcset=\"https:\/\/www.vossikka.com\/wp-content\/uploads\/2018\/08\/raahe-kirkkokuva.jpg 605w, https:\/\/www.vossikka.com\/wp-content\/uploads\/2018\/08\/raahe-kirkkokuva-189x300.jpg 189w\" sizes=\"(max-width: 605px) 100vw, 605px\" \/><\/p>\n<p>Tilaa meilt\u00e4 kokenut hevonen ja ohjastaja yleis\u00f6tapahtumiin. Kyydityksen hinta 220\u20ac 1. tunti. Seuraavat tunnit 55\u20ac\/h. Lis\u00e4ksi laskutamme matkakuluja 0,95\u20ac\/km. Kyydityksen kesto max. 4 h. Kysy tapahtumakohtainen tarjous!<\/p>\n<p>Hyv\u00e4 ja huolellinen ennakkosuunnittelu minimoi riskej\u00e4. Hevosten kanssa toimiessa on aina noudatettava Markku Jauhiaisen tai vastuullisen ohjaajan ohjeita. Vaikka hevoset ovat teht\u00e4v\u00e4\u00e4ns\u00e4 koulutettuja, ennalta arvaamattomat tilanteet voivat johtaa tapaturmavaaraan. Ennakkosuunnittelun merkitys on t\u00e4rke\u00e4.<\/p>\n<p>Jokaisesta tapahtumasta ja kyydityksest\u00e4 tehd\u00e4\u00e4n terveystarkastajalle oma turvallisuussuunnitelma. Ei kyydityst\u00e4 ylivoimaisen esteen sattuessa. Esimerkiksi \u00e4\u00e4ris\u00e4\u00e4ilmi\u00f6t: kova tuuli, rankkasade.<\/p>\n<p><a href=\"https:\/\/www.vossikka.com\/index.php\/yhteystiedot\/\">Tee varaus!<\/a><\/p>\n","protected":false},"excerpt":{"rendered":"<p>Kyyditykset hevosella Tilaa meilt\u00e4 kokenut hevonen ja ohjastaja yleis\u00f6tapahtumiin. Kyydityksen hinta 220\u20ac 1. tunti. Seuraavat tunnit 55\u20ac\/h. Lis\u00e4ksi laskutamme matkakuluja 0,95\u20ac\/km. Kyydityksen kesto max. 4&hellip;<\/p>\n","protected":false},"author":1,"featured_media":0,"parent":100,"menu_order":0,"comment_status":"closed","ping_status":"closed","template":"","meta":[],"_links":{"self":[{"href":"https:\/\/www.vossikka.com\/index.php\/wp-json\/wp\/v2\/pages\/103"}],"collection":[{"href":"https:\/\/www.vossikka.com\/index.php\/wp-json\/wp\/v2\/pages"}],"about":[{"href":"https:\/\/www.vossikka.com\/index.php\/wp-json\/wp\/v2\/types\/page"}],"author":[{"embeddable":true,"href":"https:\/\/www.vossikka.com\/index.php\/wp-json\/wp\/v2\/users\/1"}],"replies":[{"embeddable":true,"href":"https:\/\/www.vossikka.com\/index.php\/wp-json\/wp\/v2\/comments?post=103"}],"version-history":[{"count":4,"href":"https:\/\/www.vossikka.com\/index.php\/wp-json\/wp\/v2\/pages\/103\/revisions"}],"predecessor-version":[{"id":378,"href":"https:\/\/www.vossikka.com\/index.php\/wp-json\/wp\/v2\/pages\/103\/revisions\/378"}],"up":[{"embeddable":true,"href":"https:\/\/www.vossikka.com\/index.php\/wp-json\/wp\/v2\/pages\/100"}],"wp:attachment":[{"href":"https:\/\/www.vossikka.com\/index.php\/wp-json\/wp\/v2\/media?parent=103"}],"curies":[{"name":"wp","href":"https:\/\/api.w.org\/{rel}","templated":true}]}}