{"id":142,"date":"2018-08-08T16:00:20","date_gmt":"2018-08-08T13:00:20","guid":{"rendered":"https:\/\/www.vossikka.com\/?page_id=142"},"modified":"2019-02-08T16:12:50","modified_gmt":"2019-02-08T14:12:50","slug":"verkkokauppa","status":"publish","type":"page","link":"https:\/\/www.vossikka.com\/index.php\/verkkokauppa\/","title":{"rendered":"Valjas Vossikka"},"content":{"rendered":"<h2>Verkkokauppa<\/h2>\n<p><img loading=\"lazy\" class=\"aligncenter size-full wp-image-405\" src=\"https:\/\/www.vossikka.com\/wp-content\/uploads\/2019\/02\/valjasvossikka_DVD_langet3.jpg\" alt=\"\" width=\"1129\" height=\"782\" srcset=\"https:\/\/www.vossikka.com\/wp-content\/uploads\/2019\/02\/valjasvossikka_DVD_langet3.jpg 1129w, https:\/\/www.vossikka.com\/wp-content\/uploads\/2019\/02\/valjasvossikka_DVD_langet3-300x208.jpg 300w, https:\/\/www.vossikka.com\/wp-content\/uploads\/2019\/02\/valjasvossikka_DVD_langet3-768x532.jpg 768w, https:\/\/www.vossikka.com\/wp-content\/uploads\/2019\/02\/valjasvossikka_DVD_langet3-1024x709.jpg 1024w\" sizes=\"(max-width: 1129px) 100vw, 1129px\" \/><\/p>\n<p>Ty\u00f6hevosvaljastuksen t\u00e4rkein osa l\u00e4nget,- on t\u00e4ll\u00e4 hetkell\u00e4 harvojen l\u00e4nkimestareiden osaamisen varassa. Valjas Vossikka on tehnyt kuvavideon joka n\u00e4ytt\u00e4\u00e4 ty\u00f6vaihe vaiheelta l\u00e4ngen tekemisen eri vaiheet selkein kuvin. Voit tilata DVD:n itsellesi verkkokaupastamma <a href=\"http:\/\/vossikka.mycashflow.fi\" target=\"\\&quot;_blank\\&quot;\">vossikka.mycashflow.fi<\/a>.<\/p>\n<p>Kirpputoreilta l\u00f6ytyy viel\u00e4 paljon vanhoja l\u00e4nki\u00e4. Videossa on esitetty perusteet miten sovittaa vanhoja l\u00e4nki\u00e4 nykyhevoselle. T\u00e4llaiset vanhoista l\u00e4ngist\u00e4 uudelleen sovitetut sopivat kevyeen ajoon.<\/p>\n<p>Mik\u00e4li ty\u00f6 hevosella on pitempi kestoista ja oikeaa ty\u00f6ajoa on hevosen hyvinvoinnin kannalta parempi ostaa l\u00e4nget alan ammattilaiselta tai tehd\u00e4\u00a0 ne itse. T\u00e4m\u00e4n kuvavideon avulla n\u00e4et l\u00e4ngen teon eri vaiheet ja voit itse opetella l\u00e4ngen tekoa omaan tahtiin. Eri ty\u00f6vaiheisiin on helppo palata aina uudelleen kun opettelet l\u00e4ngen tekoa.<\/p>\n","protected":false},"excerpt":{"rendered":"<p>Verkkokauppa Ty\u00f6hevosvaljastuksen t\u00e4rkein osa l\u00e4nget,- on t\u00e4ll\u00e4 hetkell\u00e4 harvojen l\u00e4nkimestareiden osaamisen varassa. Valjas Vossikka on tehnyt kuvavideon joka n\u00e4ytt\u00e4\u00e4 ty\u00f6vaihe vaiheelta l\u00e4ngen tekemisen eri vaiheet&hellip;<\/p>\n","protected":false},"author":1,"featured_media":0,"parent":0,"menu_order":0,"comment_status":"closed","ping_status":"closed","template":"","meta":[],"_links":{"self":[{"href":"https:\/\/www.vossikka.com\/index.php\/wp-json\/wp\/v2\/pages\/142"}],"collection":[{"href":"https:\/\/www.vossikka.com\/index.php\/wp-json\/wp\/v2\/pages"}],"about":[{"href":"https:\/\/www.vossikka.com\/index.php\/wp-json\/wp\/v2\/types\/page"}],"author":[{"embeddable":true,"href":"https:\/\/www.vossikka.com\/index.php\/wp-json\/wp\/v2\/users\/1"}],"replies":[{"embeddable":true,"href":"https:\/\/www.vossikka.com\/index.php\/wp-json\/wp\/v2\/comments?post=142"}],"version-history":[{"count":11,"href":"https:\/\/www.vossikka.com\/index.php\/wp-json\/wp\/v2\/pages\/142\/revisions"}],"predecessor-version":[{"id":407,"href":"https:\/\/www.vossikka.com\/index.php\/wp-json\/wp\/v2\/pages\/142\/revisions\/407"}],"wp:attachment":[{"href":"https:\/\/www.vossikka.com\/index.php\/wp-json\/wp\/v2\/media?parent=142"}],"curies":[{"name":"wp","href":"https:\/\/api.w.org\/{rel}","templated":true}]}}