{"id":144,"date":"2018-08-08T16:02:44","date_gmt":"2018-08-08T13:02:44","guid":{"rendered":"https:\/\/www.vossikka.com\/?page_id=144"},"modified":"2018-11-30T09:52:18","modified_gmt":"2018-11-30T07:52:18","slug":"tila","status":"publish","type":"page","link":"https:\/\/www.vossikka.com\/index.php\/palvelut\/tila\/","title":{"rendered":"Yrttinen saunarekti Korpipurolle"},"content":{"rendered":"<h2>Yrttinen saunarekti Korpipurolle<\/h2>\n<p>Pohjanmaan Vossikan-tilalle tervetulleeksi toivottaa is\u00e4nt\u00e4 Markku, h\u00e4n esittelee lyhyesti tilan, samalla kun nautitaan suoraan suomalaisesta havumets\u00e4st\u00e4 kuusenkerkk\u00e4shotti. Samalla tutustutaan ty\u00f6hevosiin ja tilalla k\u00e4yskenteleviin lampaisiin. Teemme rauhallisen yrttien ja oksien keruuretken mets\u00e4\u00e4n. Saavumme saunalle, jossa sekoittelemme pesuvesi\u00e4 yrttej\u00e4 ja kasveja k\u00e4ytt\u00e4en. Saunomme puusaunassa korpipurolla. L\u00f6ylyttelyn p\u00e4\u00e4lle paistamme saunamakkarat ja nautimme yrttiteet\u00e4.<\/p>\n<p>&nbsp;<\/p>\n<p><img loading=\"lazy\" class=\"aligncenter wp-image-145\" src=\"https:\/\/www.vossikka.com\/wp-content\/uploads\/2018\/08\/korpipuronsauna.jpg\" alt=\"\" width=\"600\" height=\"600\" srcset=\"https:\/\/www.vossikka.com\/wp-content\/uploads\/2018\/08\/korpipuronsauna.jpg 700w, https:\/\/www.vossikka.com\/wp-content\/uploads\/2018\/08\/korpipuronsauna-150x150.jpg 150w, https:\/\/www.vossikka.com\/wp-content\/uploads\/2018\/08\/korpipuronsauna-300x300.jpg 300w\" sizes=\"(max-width: 600px) 100vw, 600px\" \/><\/p>\n<p><img loading=\"lazy\" class=\"aligncenter wp-image-146\" src=\"https:\/\/www.vossikka.com\/wp-content\/uploads\/2018\/08\/kota.jpg\" alt=\"\" width=\"600\" height=\"600\" srcset=\"https:\/\/www.vossikka.com\/wp-content\/uploads\/2018\/08\/kota.jpg 700w, https:\/\/www.vossikka.com\/wp-content\/uploads\/2018\/08\/kota-150x150.jpg 150w, https:\/\/www.vossikka.com\/wp-content\/uploads\/2018\/08\/kota-300x300.jpg 300w\" sizes=\"(max-width: 600px) 100vw, 600px\" \/><\/p>\n<p><strong>Hinta:<\/strong> 67 \u20ac \/ hl\u00f6<br \/>\nHinta sis\u00e4lt\u00e4\u00e4 yrttien keruuretken, saunomisen ja kylpypyyhkeet.<br \/>\n<strong>Hinta voimassa<\/strong>: touko-elokuun ajan.<br \/>\n<strong>Kesto<\/strong>: noin 4 h. Ryhm\u00e4koko: min. 2 hl\u00f6, max. 6 hl\u00f6<br \/>\n<strong>Soveltuu<\/strong>: ty\u00f6porukoille, el\u00e4kel\u00e4isryhmille, polttarip\u00e4iv\u00e4n ohjelmaksi<\/p>\n<p><a href=\"https:\/\/www.vossikka.com\/index.php\/yhteystiedot\/\"><strong>Tee varaus!<\/strong><\/a><\/p>\n","protected":false},"excerpt":{"rendered":"<p>Yrttinen saunarekti Korpipurolle Pohjanmaan Vossikan-tilalle tervetulleeksi toivottaa is\u00e4nt\u00e4 Markku, h\u00e4n esittelee lyhyesti tilan, samalla kun nautitaan suoraan suomalaisesta havumets\u00e4st\u00e4 kuusenkerkk\u00e4shotti. Samalla tutustutaan ty\u00f6hevosiin ja tilalla&hellip;<\/p>\n","protected":false},"author":1,"featured_media":0,"parent":100,"menu_order":0,"comment_status":"closed","ping_status":"closed","template":"","meta":[],"_links":{"self":[{"href":"https:\/\/www.vossikka.com\/index.php\/wp-json\/wp\/v2\/pages\/144"}],"collection":[{"href":"https:\/\/www.vossikka.com\/index.php\/wp-json\/wp\/v2\/pages"}],"about":[{"href":"https:\/\/www.vossikka.com\/index.php\/wp-json\/wp\/v2\/types\/page"}],"author":[{"embeddable":true,"href":"https:\/\/www.vossikka.com\/index.php\/wp-json\/wp\/v2\/users\/1"}],"replies":[{"embeddable":true,"href":"https:\/\/www.vossikka.com\/index.php\/wp-json\/wp\/v2\/comments?post=144"}],"version-history":[{"count":5,"href":"https:\/\/www.vossikka.com\/index.php\/wp-json\/wp\/v2\/pages\/144\/revisions"}],"predecessor-version":[{"id":376,"href":"https:\/\/www.vossikka.com\/index.php\/wp-json\/wp\/v2\/pages\/144\/revisions\/376"}],"up":[{"embeddable":true,"href":"https:\/\/www.vossikka.com\/index.php\/wp-json\/wp\/v2\/pages\/100"}],"wp:attachment":[{"href":"https:\/\/www.vossikka.com\/index.php\/wp-json\/wp\/v2\/media?parent=144"}],"curies":[{"name":"wp","href":"https:\/\/api.w.org\/{rel}","templated":true}]}}