{"id":158,"date":"2018-08-08T16:14:02","date_gmt":"2018-08-08T13:14:02","guid":{"rendered":"https:\/\/www.vossikka.com\/?page_id=158"},"modified":"2018-11-30T10:02:56","modified_gmt":"2018-11-30T08:02:56","slug":"hevosen-tyovaljastus","status":"publish","type":"page","link":"https:\/\/www.vossikka.com\/index.php\/palvelut\/hevosen-tyovaljastus\/","title":{"rendered":"Hevosen ty\u00f6valjastus"},"content":{"rendered":"<h2>Hevosen skandinaavinen ty\u00f6valjastus<\/h2>\n<p><img loading=\"lazy\" class=\"aligncenter wp-image-159\" src=\"https:\/\/www.vossikka.com\/wp-content\/uploads\/2018\/08\/ty\u00f6valjastus.jpg\" alt=\"\" width=\"600\" height=\"338\" srcset=\"https:\/\/www.vossikka.com\/wp-content\/uploads\/2018\/08\/ty\u00f6valjastus.jpg 960w, https:\/\/www.vossikka.com\/wp-content\/uploads\/2018\/08\/ty\u00f6valjastus-300x169.jpg 300w, https:\/\/www.vossikka.com\/wp-content\/uploads\/2018\/08\/ty\u00f6valjastus-768x432.jpg 768w\" sizes=\"(max-width: 600px) 100vw, 600px\" \/><\/p>\n<p>Miksi hyppy esteen yli ei onnistu? Onko takalihaksissa liian v\u00e4h\u00e4n voimaa? Oletko ajatellut, ett\u00e4 hevoselle voisi tarvita voimavalmennusta? Saat sit\u00e4 esim. valjastamalla hevosen ratsastuskent\u00e4n lanaukseen. Ker-romme sinulle miten se tehd\u00e4\u00e4n! Tervetuloa perinteiselle ty\u00f6hevostilalle, jossa is\u00e4nt\u00e4 Markku k\u00e4y l\u00e4pi valjastuksen teoriaa (sila- ja luokkivaljastus), tutustutaan itse valjaisiin, valjastetaan hevonen sek\u00e4 nautitaan kahvit tallikahviossa.<\/p>\n<p><strong>Hinta:<\/strong> 40 \u20ac \/ hl\u00f6<br \/>\nHinta sis\u00e4lt\u00e4\u00e4 opastuksen, hevosen valjastuksen sek\u00e4 kahvit tallikahviossa.<\/p>\n<p><strong>Hinta voimassa:<\/strong> joulukuun puoliv\u00e4li \u2013 maaliskuun loppuun<br \/>\n<strong>Kesto<\/strong>: noin 3 h. Ryhm\u00e4koko: min. 2 hl\u00f6, max. 6 hl\u00f6<br \/>\n<strong>Soveltuu:<\/strong> ty\u00f6porukoille, el\u00e4kel\u00e4isryhmille<\/p>\n<p><a href=\"https:\/\/www.vossikka.com\/index.php\/yhteystiedot\/\">Tee varaus!<\/a><\/p>\n<h2><\/h2>\n","protected":false},"excerpt":{"rendered":"<p>Hevosen skandinaavinen ty\u00f6valjastus Miksi hyppy esteen yli ei onnistu? Onko takalihaksissa liian v\u00e4h\u00e4n voimaa? Oletko ajatellut, ett\u00e4 hevoselle voisi tarvita voimavalmennusta? Saat sit\u00e4 esim. valjastamalla&hellip;<\/p>\n","protected":false},"author":1,"featured_media":0,"parent":100,"menu_order":0,"comment_status":"closed","ping_status":"closed","template":"","meta":[],"_links":{"self":[{"href":"https:\/\/www.vossikka.com\/index.php\/wp-json\/wp\/v2\/pages\/158"}],"collection":[{"href":"https:\/\/www.vossikka.com\/index.php\/wp-json\/wp\/v2\/pages"}],"about":[{"href":"https:\/\/www.vossikka.com\/index.php\/wp-json\/wp\/v2\/types\/page"}],"author":[{"embeddable":true,"href":"https:\/\/www.vossikka.com\/index.php\/wp-json\/wp\/v2\/users\/1"}],"replies":[{"embeddable":true,"href":"https:\/\/www.vossikka.com\/index.php\/wp-json\/wp\/v2\/comments?post=158"}],"version-history":[{"count":5,"href":"https:\/\/www.vossikka.com\/index.php\/wp-json\/wp\/v2\/pages\/158\/revisions"}],"predecessor-version":[{"id":382,"href":"https:\/\/www.vossikka.com\/index.php\/wp-json\/wp\/v2\/pages\/158\/revisions\/382"}],"up":[{"embeddable":true,"href":"https:\/\/www.vossikka.com\/index.php\/wp-json\/wp\/v2\/pages\/100"}],"wp:attachment":[{"href":"https:\/\/www.vossikka.com\/index.php\/wp-json\/wp\/v2\/media?parent=158"}],"curies":[{"name":"wp","href":"https:\/\/api.w.org\/{rel}","templated":true}]}}