{"id":174,"date":"2018-08-08T16:31:46","date_gmt":"2018-08-08T13:31:46","guid":{"rendered":"https:\/\/www.vossikka.com\/?page_id=174"},"modified":"2018-08-22T23:30:34","modified_gmt":"2018-08-22T20:30:34","slug":"tyohevoskammari","status":"publish","type":"page","link":"https:\/\/www.vossikka.com\/index.php\/koulutus\/tyohevoskammari\/","title":{"rendered":"Ty\u00f6hevoskammari"},"content":{"rendered":"<h2>Ty\u00f6hevoskammari<\/h2>\n<p>Ty\u00f6hevoskammari on Pohjanmaan Vossikan harrastepiiri. Kasvava hevosharrastus on lis\u00e4nnyt mielenkiintoa my\u00f6s ty\u00f6hevostoimintaa kohtaan. Ty\u00f6hevoskammarin toiminta keskittyy nykyaikaisen ty\u00f6hevostoiminnan oppimiseen, kehitt\u00e4miseen ja yhteisiin ty\u00f6hevoskokemuksiin. Kammarin j\u00e4senten tapaamiset ja tekemisen tavoite on lis\u00e4t\u00e4 j\u00e4senien ty\u00f6hevostietoutta. Kun haluat lis\u00e4t\u00e4 omaa ty\u00f6hevostietoutta ja -taitoa, tai jos sinulla on oma hevonen, jota haluat opettaa ty\u00f6hevoseksi, tule mukaan &#8211; liity j\u00e4seneksi. Liittym\u00e4ll\u00e4 ty\u00f6hevoskammariin saat j\u00e4senetuja ja tietoa Pohjanmaan Vossikan ty\u00f6hevoskoulutuksista. Kammarin vuosimaksu on 40\u20ac. J\u00e4senen\u00e4 saat koulutuksista 15% ja el\u00e4myspalveluista 10% alennuksen!<img loading=\"lazy\" class=\"aligncenter size-full wp-image-175\" src=\"https:\/\/www.vossikka.com\/wp-content\/uploads\/2018\/08\/Aslakin-mets\u00e4ajo-009.jpg\" alt=\"\" width=\"600\" height=\"399\" srcset=\"https:\/\/www.vossikka.com\/wp-content\/uploads\/2018\/08\/Aslakin-mets\u00e4ajo-009.jpg 600w, https:\/\/www.vossikka.com\/wp-content\/uploads\/2018\/08\/Aslakin-mets\u00e4ajo-009-300x200.jpg 300w\" sizes=\"(max-width: 600px) 100vw, 600px\" \/><\/p>\n<p>Seuraa tapahtumia verkkosivuillamme!<\/p>\n<p>Kun ilmoittaudut s\u00e4hk\u00f6postituslistallemme saat tietoa tulevista tapahtumista ja kursseista s\u00e4hk\u00f6postise.<\/p>\n<p>Ty\u00f6hevoskammarin kokoontumiset ovat kaikille Kammarin j\u00e4senille vapaita. Tarjoilun johdosta osallistujien on ilmoittauduttava etuk\u00e4teen.<\/p>\n<h3>J\u00e4senetu<\/h3>\n<p>Ty\u00f6hevoskammarin j\u00e4senille Pohjanmaan Vossikan Hevosella teht\u00e4v\u00e4n ty\u00f6n koulutuskurssit\u00a0 15% alennuksella. El\u00e4myspalveluista\u00a0 10% alennus.<\/p>\n<p><a href=\"https:\/\/www.vossikka.com\/index.php\/yhteystiedot\/\">Liity j\u00e4seneksi!<\/a><\/p>\n<p><img loading=\"lazy\" class=\"aligncenter wp-image-176\" src=\"https:\/\/www.vossikka.com\/wp-content\/uploads\/2018\/08\/peltsu-lanta.jpg\" alt=\"\" width=\"600\" height=\"338\" srcset=\"https:\/\/www.vossikka.com\/wp-content\/uploads\/2018\/08\/peltsu-lanta.jpg 2048w, https:\/\/www.vossikka.com\/wp-content\/uploads\/2018\/08\/peltsu-lanta-300x169.jpg 300w, https:\/\/www.vossikka.com\/wp-content\/uploads\/2018\/08\/peltsu-lanta-768x432.jpg 768w, https:\/\/www.vossikka.com\/wp-content\/uploads\/2018\/08\/peltsu-lanta-1024x576.jpg 1024w\" sizes=\"(max-width: 600px) 100vw, 600px\" \/><\/p>\n<p><img loading=\"lazy\" class=\"aligncenter wp-image-177\" src=\"https:\/\/www.vossikka.com\/wp-content\/uploads\/2018\/08\/hoppula-lanaa.jpg\" alt=\"\" width=\"600\" height=\"450\" srcset=\"https:\/\/www.vossikka.com\/wp-content\/uploads\/2018\/08\/hoppula-lanaa.jpg 960w, https:\/\/www.vossikka.com\/wp-content\/uploads\/2018\/08\/hoppula-lanaa-300x225.jpg 300w, https:\/\/www.vossikka.com\/wp-content\/uploads\/2018\/08\/hoppula-lanaa-768x576.jpg 768w\" sizes=\"(max-width: 600px) 100vw, 600px\" \/><\/p>\n<p>&nbsp;<\/p>\n","protected":false},"excerpt":{"rendered":"<p>Ty\u00f6hevoskammari Ty\u00f6hevoskammari on Pohjanmaan Vossikan harrastepiiri. Kasvava hevosharrastus on lis\u00e4nnyt mielenkiintoa my\u00f6s ty\u00f6hevostoimintaa kohtaan. Ty\u00f6hevoskammarin toiminta keskittyy nykyaikaisen ty\u00f6hevostoiminnan oppimiseen, kehitt\u00e4miseen ja yhteisiin ty\u00f6hevoskokemuksiin. Kammarin&hellip;<\/p>\n","protected":false},"author":1,"featured_media":0,"parent":153,"menu_order":0,"comment_status":"closed","ping_status":"closed","template":"","meta":[],"_links":{"self":[{"href":"https:\/\/www.vossikka.com\/index.php\/wp-json\/wp\/v2\/pages\/174"}],"collection":[{"href":"https:\/\/www.vossikka.com\/index.php\/wp-json\/wp\/v2\/pages"}],"about":[{"href":"https:\/\/www.vossikka.com\/index.php\/wp-json\/wp\/v2\/types\/page"}],"author":[{"embeddable":true,"href":"https:\/\/www.vossikka.com\/index.php\/wp-json\/wp\/v2\/users\/1"}],"replies":[{"embeddable":true,"href":"https:\/\/www.vossikka.com\/index.php\/wp-json\/wp\/v2\/comments?post=174"}],"version-history":[{"count":3,"href":"https:\/\/www.vossikka.com\/index.php\/wp-json\/wp\/v2\/pages\/174\/revisions"}],"predecessor-version":[{"id":301,"href":"https:\/\/www.vossikka.com\/index.php\/wp-json\/wp\/v2\/pages\/174\/revisions\/301"}],"up":[{"embeddable":true,"href":"https:\/\/www.vossikka.com\/index.php\/wp-json\/wp\/v2\/pages\/153"}],"wp:attachment":[{"href":"https:\/\/www.vossikka.com\/index.php\/wp-json\/wp\/v2\/media?parent=174"}],"curies":[{"name":"wp","href":"https:\/\/api.w.org\/{rel}","templated":true}]}}