{"id":204,"date":"2018-08-09T11:28:03","date_gmt":"2018-08-09T08:28:03","guid":{"rendered":"https:\/\/www.vossikka.com\/?page_id=204"},"modified":"2020-03-26T10:36:54","modified_gmt":"2020-03-26T08:36:54","slug":"lampaat","status":"publish","type":"page","link":"https:\/\/www.vossikka.com\/index.php\/palvelut\/tallissa\/lampaat\/","title":{"rendered":"Lampaat"},"content":{"rendered":"<h2>Lampaat<\/h2>\n<p>Tilalla on pienimuotoista lampaankasvatusta. Lampaita on kasvatettu Pohjanmaan Vossikalla vuodesta 2009 alkaen. Lampaita kasvatetaan lihantuontantoa varten. Suomalaisen lampaanlihan kysynt\u00e4 on kasvanut viime vuosina ja kysynt\u00e4\u00e4 on enemm\u00e4n kuin tarjontaa. P\u00e4ssi Tallin Nikke on is\u00e4 syntyville karitsoille. Uuhet at karitsoita154 vuorokauden odotusajan j\u00e4lkeen.<\/p>\n<p><img loading=\"lazy\" class=\"wp-image-196 size-medium alignleft\" style=\"margin-bottom: 10px;\" src=\"https:\/\/www.vossikka.com\/wp-content\/uploads\/2018\/08\/karitsa-225x300.jpg\" alt=\"\" width=\"225\" height=\"300\" srcset=\"https:\/\/www.vossikka.com\/wp-content\/uploads\/2018\/08\/karitsa-225x300.jpg 225w, https:\/\/www.vossikka.com\/wp-content\/uploads\/2018\/08\/karitsa.jpg 352w\" sizes=\"(max-width: 225px) 100vw, 225px\" \/><img loading=\"lazy\" class=\" wp-image-206 alignleft\" style=\"margin-bottom: 10px;\" src=\"https:\/\/www.vossikka.com\/wp-content\/uploads\/2018\/08\/lammas-300x225.jpg\" alt=\"\" width=\"400\" height=\"300\" srcset=\"https:\/\/www.vossikka.com\/wp-content\/uploads\/2018\/08\/lammas-300x225.jpg 300w, https:\/\/www.vossikka.com\/wp-content\/uploads\/2018\/08\/lammas.jpg 469w\" sizes=\"(max-width: 400px) 100vw, 400px\" \/><img loading=\"lazy\" class=\" wp-image-205 alignleft\" style=\"margin-bottom: 10px;\" src=\"https:\/\/www.vossikka.com\/wp-content\/uploads\/2018\/08\/lammas_ja_karitsa-300x225.jpg\" alt=\"\" width=\"400\" height=\"300\" srcset=\"https:\/\/www.vossikka.com\/wp-content\/uploads\/2018\/08\/lammas_ja_karitsa-300x225.jpg 300w, https:\/\/www.vossikka.com\/wp-content\/uploads\/2018\/08\/lammas_ja_karitsa.jpg 640w\" sizes=\"(max-width: 400px) 100vw, 400px\" \/><img loading=\"lazy\" class=\"size-medium wp-image-414 alignleft\" style=\"margin-bottom: 10px;\" src=\"https:\/\/www.vossikka.com\/wp-content\/uploads\/2020\/03\/kiesit-219-300x225.jpg\" alt=\"\" width=\"300\" height=\"225\" srcset=\"https:\/\/www.vossikka.com\/wp-content\/uploads\/2020\/03\/kiesit-219-300x225.jpg 300w, https:\/\/www.vossikka.com\/wp-content\/uploads\/2020\/03\/kiesit-219.jpg 640w\" sizes=\"(max-width: 300px) 100vw, 300px\" \/><img loading=\"lazy\" class=\"size-medium wp-image-415 alignleft\" src=\"https:\/\/www.vossikka.com\/wp-content\/uploads\/2020\/03\/kiesit-285-300x225.jpg\" alt=\"\" width=\"300\" height=\"225\" srcset=\"https:\/\/www.vossikka.com\/wp-content\/uploads\/2020\/03\/kiesit-285-300x225.jpg 300w, https:\/\/www.vossikka.com\/wp-content\/uploads\/2020\/03\/kiesit-285.jpg 640w\" sizes=\"(max-width: 300px) 100vw, 300px\" \/><\/p>\n","protected":false},"excerpt":{"rendered":"<p>Lampaat Tilalla on pienimuotoista lampaankasvatusta. Lampaita on kasvatettu Pohjanmaan Vossikalla vuodesta 2009 alkaen. Lampaita kasvatetaan lihantuontantoa varten. Suomalaisen lampaanlihan kysynt\u00e4 on kasvanut viime vuosina ja&hellip;<\/p>\n","protected":false},"author":1,"featured_media":0,"parent":195,"menu_order":0,"comment_status":"closed","ping_status":"closed","template":"","meta":[],"_links":{"self":[{"href":"https:\/\/www.vossikka.com\/index.php\/wp-json\/wp\/v2\/pages\/204"}],"collection":[{"href":"https:\/\/www.vossikka.com\/index.php\/wp-json\/wp\/v2\/pages"}],"about":[{"href":"https:\/\/www.vossikka.com\/index.php\/wp-json\/wp\/v2\/types\/page"}],"author":[{"embeddable":true,"href":"https:\/\/www.vossikka.com\/index.php\/wp-json\/wp\/v2\/users\/1"}],"replies":[{"embeddable":true,"href":"https:\/\/www.vossikka.com\/index.php\/wp-json\/wp\/v2\/comments?post=204"}],"version-history":[{"count":6,"href":"https:\/\/www.vossikka.com\/index.php\/wp-json\/wp\/v2\/pages\/204\/revisions"}],"predecessor-version":[{"id":418,"href":"https:\/\/www.vossikka.com\/index.php\/wp-json\/wp\/v2\/pages\/204\/revisions\/418"}],"up":[{"embeddable":true,"href":"https:\/\/www.vossikka.com\/index.php\/wp-json\/wp\/v2\/pages\/195"}],"wp:attachment":[{"href":"https:\/\/www.vossikka.com\/index.php\/wp-json\/wp\/v2\/media?parent=204"}],"curies":[{"name":"wp","href":"https:\/\/api.w.org\/{rel}","templated":true}]}}