{"id":273,"date":"2018-08-13T11:40:45","date_gmt":"2018-08-13T08:40:45","guid":{"rendered":"https:\/\/www.vossikka.com\/?page_id=273"},"modified":"2018-11-30T10:21:01","modified_gmt":"2018-11-30T08:21:01","slug":"etusivu-2","status":"publish","type":"page","link":"https:\/\/www.vossikka.com\/index.php\/etusivu-2\/","title":{"rendered":"Etusivu"},"content":{"rendered":"<h2><strong>Tervetuloa Pohjanmaan Vossikka- ty\u00f6hevostilan kotisivuille<\/strong><strong>!<\/strong><\/h2>\n<p>Ty\u00f6hevostila Pohjanmaan Vossikka j\u00e4rjest\u00e4\u00e4 sopimuksen mukaan ty\u00f6hevostoimintaan liittyvi\u00e4 koulutuksia sek\u00e4 kyydityksi\u00e4 ja ajeluja hevosella tapahtumissa, juhlissa ja yksityisesti. Ty\u00f6hevostoimintaa yll\u00e4pit\u00e4\u00e4 ty\u00f6hevoskammari. Tilan Korpipurolla on sauna ja lapinkota, jonne voi tilata ruokailun ja ohjelmaa. Myymme tilan lammasta valmiina s\u00e4ilykkeen\u00e4. Yhteisty\u00f6kumppani Valjas Vossikka tarjoaa hevosten ty\u00f6valjaisiin liittyvi\u00e4 ratkaisuja.<\/p>\n<p>Haetko\u00a0 uusia tuulia vapaa-aikaasi? Arki on kiireist\u00e4 ja ty\u00f6el\u00e4m\u00e4 vie voimia. Kaipaatko el\u00e4myksi\u00e4 arjen vastapanoksi? \u00a0 Valitse itsellesi tai perheellesi valmis tai r\u00e4\u00e4t\u00e4l\u00f6ity el\u00e4mysohjelmakokonaisuus. Perinteisen maatilan ymp\u00e4rist\u00f6; pellot, mets\u00e4t ja el\u00e4imet viev\u00e4t sinut ty\u00f6hevostilan tunnelmaan tarjoillen aitoa luksusta el\u00e4m\u00e4\u00e4si. Puhdas luonto, virtaava vesi, el\u00e4v\u00e4 tuli ja maatilan el\u00e4imet ovat ilonasi.<\/p>\n<p>Ty\u00f6hevostila sijaitsee Merij\u00e4rvell\u00e4, Raahen ja Ylivieskan puoliv\u00e4liss\u00e4. Tarjoamme yleis\u00f6kyydityksi\u00e4 tapahtumissa ja tilaisuuksissa Oulu-Kokkola-Pyh\u00e4salmi akselilla. <a href=\"https:\/\/www.vossikka.com\/index.php\/yhteystiedot\/\"> Tee varaus tai j\u00e4t\u00e4 tiedustelu s\u00e4hk\u00f6postiin. Ty\u00f6n luonteen vuoksi meid\u00e4t tavoittaa parhaiten s\u00e4hk\u00f6postilla.<\/a><\/p>\n<p>Luonto ja el\u00e4imet yhdess\u00e4 voimaannuttavat ihmist\u00e4 my\u00f6s t\u00e4n\u00e4 p\u00e4iv\u00e4n\u00e4. Anna mahdollisuus uusille ideoille synty\u00e4\u00a0 aidossa maalaisymp\u00e4rist\u00f6ss\u00e4. Valitse itsellesi sopiva kokonaisuus &#8211; ohjelmasta riippuen olet hevoselle joko matkustaja tai ty\u00f6pari.<\/p>\n<p>Seuraa tapahtumia ja ajankohtaisia asioita facebookistamme.<\/p>\n<p><a href=\"https:\/\/www.vossikka.com\/index.php\/yhteystiedot\/\">Tee varaus t\u00e4\u00e4lt\u00e4<\/a><a href=\"http:\/\/vossikka.com\/&quot;index.php?page=Yhteystiedot&amp;sivu=sivu&amp;tunnus=21&amp;lang=fi\\&quot;\"><br \/>\n<\/a><\/p>\n<p>&nbsp;<\/p>\n<h3>Tule Ty\u00f6harjoitteluun!<\/h3>\n<p>Tarvitsetko ty\u00f6harjoittelupaikkaa? Ota rohkeasti yhteytt\u00e4! Meill\u00e4 onnistuu sek\u00e4 lyhyet ett\u00e4 pidemm\u00e4t ty\u00f6harjoittelujaksot!<\/p>\n","protected":false},"excerpt":{"rendered":"<p>Tervetuloa Pohjanmaan Vossikka- ty\u00f6hevostilan kotisivuille! Ty\u00f6hevostila Pohjanmaan Vossikka j\u00e4rjest\u00e4\u00e4 sopimuksen mukaan ty\u00f6hevostoimintaan liittyvi\u00e4 koulutuksia sek\u00e4 kyydityksi\u00e4 ja ajeluja hevosella tapahtumissa, juhlissa ja yksityisesti. Ty\u00f6hevostoimintaa yll\u00e4pit\u00e4\u00e4&hellip;<\/p>\n","protected":false},"author":1,"featured_media":0,"parent":0,"menu_order":0,"comment_status":"closed","ping_status":"closed","template":"","meta":[],"_links":{"self":[{"href":"https:\/\/www.vossikka.com\/index.php\/wp-json\/wp\/v2\/pages\/273"}],"collection":[{"href":"https:\/\/www.vossikka.com\/index.php\/wp-json\/wp\/v2\/pages"}],"about":[{"href":"https:\/\/www.vossikka.com\/index.php\/wp-json\/wp\/v2\/types\/page"}],"author":[{"embeddable":true,"href":"https:\/\/www.vossikka.com\/index.php\/wp-json\/wp\/v2\/users\/1"}],"replies":[{"embeddable":true,"href":"https:\/\/www.vossikka.com\/index.php\/wp-json\/wp\/v2\/comments?post=273"}],"version-history":[{"count":8,"href":"https:\/\/www.vossikka.com\/index.php\/wp-json\/wp\/v2\/pages\/273\/revisions"}],"predecessor-version":[{"id":389,"href":"https:\/\/www.vossikka.com\/index.php\/wp-json\/wp\/v2\/pages\/273\/revisions\/389"}],"wp:attachment":[{"href":"https:\/\/www.vossikka.com\/index.php\/wp-json\/wp\/v2\/media?parent=273"}],"curies":[{"name":"wp","href":"https:\/\/api.w.org\/{rel}","templated":true}]}}