{"id":379,"date":"2018-11-30T10:00:48","date_gmt":"2018-11-30T08:00:48","guid":{"rendered":"https:\/\/www.vossikka.com\/?page_id=379"},"modified":"2018-11-30T10:00:48","modified_gmt":"2018-11-30T08:00:48","slug":"vanhan-vauhdin-hurmaa-tyohevostilalla","status":"publish","type":"page","link":"https:\/\/www.vossikka.com\/index.php\/palvelut\/vanhan-vauhdin-hurmaa-tyohevostilalla\/","title":{"rendered":"Vanhan vauhdin hurmaa ty\u00f6hevostilalla"},"content":{"rendered":"<h2>Vanhan vauhdin hurmaa ty\u00f6hevostilalla talvip\u00e4iv\u00e4n\u00e4<\/h2>\n<p>Tied\u00e4tk\u00f6, mist\u00e4 sanonta \u201dKest\u00e4\u00e4k\u00f6 rahkeet?\u201d on per\u00e4sin? Tai tied\u00e4tk\u00f6 mist\u00e4 hevostuuliviiri on saanut muotonsa? Haluatko tutustua suomalaisen mielenlaadun perikuvaan hevosessa? N\u00e4ihin saat vastauksen ty\u00f6hevostilavierailulla! Perinteisen maatilan rakennukset, pellot, mets\u00e4t ja el\u00e4imet viev\u00e4t sinut ty\u00f6hevostilan tunnelmaan tarjoillen aitoa luksusta el\u00e4m\u00e4\u00e4si. Vierailun aikana kuulet ty\u00f6hevostilan sek\u00e4 suomenhevosen lyhyen historian sek\u00e4 p\u00e4\u00e4set el\u00e4mykselliselle rekiajelulle mets\u00e4n siimekseen. Ajelun aikana pys\u00e4hdyt\u00e4\u00e4n Korpipurolle lapinkodalle. Kodalle saapumisen j\u00e4lkeen hevosen valjastuksen riisuminen opastuksen kera. Kodassa nautimme avotulella valmistetun soppalounaan. Lounaan j\u00e4lkeen k\u00e4vell\u00e4\u00e4n hevosaitaukselle ja annetaan hevosten p\u00e4iv\u00e4hein\u00e4t ja kerrotaan hevosen ravinnosta sek\u00e4 ty\u00f6hevosvarusteista.<\/p>\n<p><strong>Hinta:<\/strong> 72 \u20ac \/ hl\u00f6<br \/>\nHinta sis\u00e4lt\u00e4\u00e4 hevosajelun, opastuksen &amp; tarinat, soppalounaan, sek\u00e4 hevosten ruokinta \/ hoito.<\/p>\n<p><strong>Kesto<\/strong>: n. 4 h<br \/>\n<strong>Hinta voimassa<\/strong>: joulukuun puoliv\u00e4list\u00e4 maaliskuun loppuun<br \/>\n<strong>Soveltuu<\/strong>: ty\u00f6yhteis\u00f6ille, el\u00e4kel\u00e4isryhmille, perheille<br \/>\n<strong>Ryhm\u00e4koko<\/strong>: min. 2 hl\u00f6, max. 6 hl\u00f6<\/p>\n","protected":false},"excerpt":{"rendered":"<p>Vanhan vauhdin hurmaa ty\u00f6hevostilalla talvip\u00e4iv\u00e4n\u00e4 Tied\u00e4tk\u00f6, mist\u00e4 sanonta \u201dKest\u00e4\u00e4k\u00f6 rahkeet?\u201d on per\u00e4sin? Tai tied\u00e4tk\u00f6 mist\u00e4 hevostuuliviiri on saanut muotonsa? Haluatko tutustua suomalaisen mielenlaadun perikuvaan hevosessa?&hellip;<\/p>\n","protected":false},"author":1,"featured_media":0,"parent":100,"menu_order":0,"comment_status":"closed","ping_status":"closed","template":"","meta":[],"_links":{"self":[{"href":"https:\/\/www.vossikka.com\/index.php\/wp-json\/wp\/v2\/pages\/379"}],"collection":[{"href":"https:\/\/www.vossikka.com\/index.php\/wp-json\/wp\/v2\/pages"}],"about":[{"href":"https:\/\/www.vossikka.com\/index.php\/wp-json\/wp\/v2\/types\/page"}],"author":[{"embeddable":true,"href":"https:\/\/www.vossikka.com\/index.php\/wp-json\/wp\/v2\/users\/1"}],"replies":[{"embeddable":true,"href":"https:\/\/www.vossikka.com\/index.php\/wp-json\/wp\/v2\/comments?post=379"}],"version-history":[{"count":1,"href":"https:\/\/www.vossikka.com\/index.php\/wp-json\/wp\/v2\/pages\/379\/revisions"}],"predecessor-version":[{"id":380,"href":"https:\/\/www.vossikka.com\/index.php\/wp-json\/wp\/v2\/pages\/379\/revisions\/380"}],"up":[{"embeddable":true,"href":"https:\/\/www.vossikka.com\/index.php\/wp-json\/wp\/v2\/pages\/100"}],"wp:attachment":[{"href":"https:\/\/www.vossikka.com\/index.php\/wp-json\/wp\/v2\/media?parent=379"}],"curies":[{"name":"wp","href":"https:\/\/api.w.org\/{rel}","templated":true}]}}