{"id":89,"date":"2018-08-08T11:49:07","date_gmt":"2018-08-08T08:49:07","guid":{"rendered":"https:\/\/www.vossikka.com\/?page_id=89"},"modified":"2018-08-08T12:06:04","modified_gmt":"2018-08-08T09:06:04","slug":"yhteystiedot","status":"publish","type":"page","link":"https:\/\/www.vossikka.com\/index.php\/yhteystiedot\/","title":{"rendered":"Yhteystiedot"},"content":{"rendered":"<h2>Yhteystiedot<\/h2>\n<p>Pohjanmaan Vossikka<br \/>\nMarkku Jauhiainen<br \/>\nPyh\u00e4nkoskentie 646<br \/>\n86230 YLIP\u00c4\u00c4<br \/>\nGsm: 044-2426 323<br \/>\ne-mail: <a href=\"mailto:pohjanmaan@vossikka.com\">pohjanmaan@vossikka.com<\/a><\/p>\n<div class=\"wpforms-container wpforms-container-full\" id=\"wpforms-91\"><form id=\"wpforms-form-91\" class=\"wpforms-validate wpforms-form\" data-formid=\"91\" method=\"post\" enctype=\"multipart\/form-data\" action=\"\/index.php\/wp-json\/wp\/v2\/pages\/89\" data-token=\"911f36d18f94a587918884bcbafb9548\"><noscript class=\"wpforms-error-noscript\">Please enable JavaScript in your browser to complete this form.<\/noscript><div class=\"wpforms-field-container\"><div id=\"wpforms-91-field_0-container\" class=\"wpforms-field wpforms-field-name\" data-field-id=\"0\"><label class=\"wpforms-field-label\" for=\"wpforms-91-field_0\">P\u00e4iv\u00e4m\u00e4\u00e4r\u00e4 <span class=\"wpforms-required-label\">*<\/span><\/label><input type=\"text\" id=\"wpforms-91-field_0\" class=\"wpforms-field-medium wpforms-field-required\" name=\"wpforms[fields][0]\" required><\/div><div id=\"wpforms-91-field_3-container\" class=\"wpforms-field wpforms-field-text\" data-field-id=\"3\"><label class=\"wpforms-field-label\" for=\"wpforms-91-field_3\">Paikkakunta<\/label><input type=\"text\" id=\"wpforms-91-field_3\" class=\"wpforms-field-medium\" name=\"wpforms[fields][3]\" ><\/div><div id=\"wpforms-91-field_4-container\" class=\"wpforms-field wpforms-field-text\" data-field-id=\"4\"><label class=\"wpforms-field-label\" for=\"wpforms-91-field_4\">Arvioitu kesto tunteina <span class=\"wpforms-required-label\">*<\/span><\/label><input type=\"text\" id=\"wpforms-91-field_4\" class=\"wpforms-field-medium wpforms-field-required\" name=\"wpforms[fields][4]\" required><\/div><div id=\"wpforms-91-field_5-container\" class=\"wpforms-field wpforms-field-textarea width 60\" data-field-id=\"5\"><label class=\"wpforms-field-label\" for=\"wpforms-91-field_5\">Lis\u00e4tietoja (esim. ERITYISRUOKAVALIO, henkil\u00f6m\u00e4\u00e4r\u00e4) <span class=\"wpforms-required-label\">*<\/span><\/label><textarea id=\"wpforms-91-field_5\" class=\"wpforms-field-medium wpforms-field-required\" name=\"wpforms[fields][5]\" required><\/textarea><\/div><div id=\"wpforms-91-field_6-container\" class=\"wpforms-field wpforms-field-text\" data-field-id=\"6\"><label class=\"wpforms-field-label\" for=\"wpforms-91-field_6\">Nimesi <span class=\"wpforms-required-label\">*<\/span><\/label><input type=\"text\" id=\"wpforms-91-field_6\" class=\"wpforms-field-medium wpforms-field-required\" name=\"wpforms[fields][6]\" required><\/div><div id=\"wpforms-91-field_7-container\" class=\"wpforms-field wpforms-field-text\" data-field-id=\"7\"><label class=\"wpforms-field-label\" for=\"wpforms-91-field_7\">L\u00e4hiosoite <span class=\"wpforms-required-label\">*<\/span><\/label><input type=\"text\" id=\"wpforms-91-field_7\" class=\"wpforms-field-medium wpforms-field-required\" name=\"wpforms[fields][7]\" required><\/div><div id=\"wpforms-91-field_8-container\" class=\"wpforms-field wpforms-field-text\" data-field-id=\"8\"><label class=\"wpforms-field-label\" for=\"wpforms-91-field_8\">Postiosoite <span class=\"wpforms-required-label\">*<\/span><\/label><input type=\"text\" id=\"wpforms-91-field_8\" class=\"wpforms-field-medium wpforms-field-required\" name=\"wpforms[fields][8]\" required><\/div><div id=\"wpforms-91-field_9-container\" class=\"wpforms-field wpforms-field-text\" data-field-id=\"9\"><label class=\"wpforms-field-label\" for=\"wpforms-91-field_9\">Puhelin <span class=\"wpforms-required-label\">*<\/span><\/label><input type=\"text\" id=\"wpforms-91-field_9\" class=\"wpforms-field-medium wpforms-field-required\" name=\"wpforms[fields][9]\" required><\/div><div id=\"wpforms-91-field_10-container\" class=\"wpforms-field wpforms-field-text\" data-field-id=\"10\"><label class=\"wpforms-field-label\" for=\"wpforms-91-field_10\">S\u00e4hk\u00f6posti <span class=\"wpforms-required-label\">*<\/span><\/label><input type=\"text\" id=\"wpforms-91-field_10\" class=\"wpforms-field-medium wpforms-field-required\" name=\"wpforms[fields][10]\" required><\/div><\/div><div class=\"wpforms-field wpforms-field-hp\"><label for=\"wpforms-91-field-hp\" class=\"wpforms-field-label\">Message<\/label><input type=\"text\" name=\"wpforms[hp]\" id=\"wpforms-91-field-hp\" class=\"wpforms-field-medium\"><\/div><div class=\"wpforms-submit-container\" ><input type=\"hidden\" name=\"wpforms[id]\" value=\"91\"><input type=\"hidden\" name=\"wpforms[author]\" value=\"1\"><button type=\"submit\" name=\"wpforms[submit]\" class=\"wpforms-submit \" id=\"wpforms-submit-91\" value=\"wpforms-submit\" aria-live=\"assertive\" data-alt-text=\"L\u00e4hetet\u00e4\u00e4n...\" data-submit-text=\"L\u00e4het\u00e4\">L\u00e4het\u00e4<\/button><\/div><\/form><\/div>  <!-- .wpforms-container -->\n<h4>Sijainti kartalla<\/h4>\n<p><iframe style=\"border: 0;\" src=\"https:\/\/www.google.com\/maps\/embed?pb=!1m18!1m12!1m3!1d1728.0648358465558!2d24.535702516512476!3d64.33435728368046!2m3!1f0!2f0!3f0!3m2!1i1024!2i768!4f13.1!3m3!1m2!1s0x4680e30f783fd015%3A0xab80334fd84156b9!2sPyh%C3%A4nkoskentie+646%2C+86230+Merij%C3%A4rvi!5e0!3m2!1sfi!2sfi!4v1533714434206\" width=\"450\" height=\"450\" frameborder=\"0\" allowfullscreen=\"allowfullscreen\"><span style=\"display: inline-block; width: 0px; overflow: hidden; line-height: 0;\" data-mce-type=\"bookmark\" class=\"mce_SELRES_start\">\ufeff<\/span><span style=\"display: inline-block; width: 0px; overflow: hidden; line-height: 0;\" data-mce-type=\"bookmark\" class=\"mce_SELRES_start\">\ufeff<\/span><span style=\"display: inline-block; width: 0px; overflow: hidden; line-height: 0;\" data-mce-type=\"bookmark\" class=\"mce_SELRES_start\">\ufeff<\/span><span style=\"display: inline-block; width: 0px; overflow: hidden; line-height: 0;\" data-mce-type=\"bookmark\" class=\"mce_SELRES_start\">\ufeff<\/span><span style=\"display: inline-block; width: 0px; overflow: hidden; line-height: 0;\" data-mce-type=\"bookmark\" class=\"mce_SELRES_start\">\ufeff<\/span><\/iframe><\/p>\n","protected":false},"excerpt":{"rendered":"<p>Yhteystiedot Pohjanmaan Vossikka Markku Jauhiainen Pyh\u00e4nkoskentie 646 86230 YLIP\u00c4\u00c4 Gsm: 044-2426 323 e-mail: pohjanmaan@vossikka.com Sijainti kartalla \ufeff\ufeff\ufeff\ufeff\ufeff<\/p>\n","protected":false},"author":1,"featured_media":0,"parent":0,"menu_order":0,"comment_status":"closed","ping_status":"closed","template":"","meta":[],"_links":{"self":[{"href":"https:\/\/www.vossikka.com\/index.php\/wp-json\/wp\/v2\/pages\/89"}],"collection":[{"href":"https:\/\/www.vossikka.com\/index.php\/wp-json\/wp\/v2\/pages"}],"about":[{"href":"https:\/\/www.vossikka.com\/index.php\/wp-json\/wp\/v2\/types\/page"}],"author":[{"embeddable":true,"href":"https:\/\/www.vossikka.com\/index.php\/wp-json\/wp\/v2\/users\/1"}],"replies":[{"embeddable":true,"href":"https:\/\/www.vossikka.com\/index.php\/wp-json\/wp\/v2\/comments?post=89"}],"version-history":[{"count":5,"href":"https:\/\/www.vossikka.com\/index.php\/wp-json\/wp\/v2\/pages\/89\/revisions"}],"predecessor-version":[{"id":98,"href":"https:\/\/www.vossikka.com\/index.php\/wp-json\/wp\/v2\/pages\/89\/revisions\/98"}],"wp:attachment":[{"href":"https:\/\/www.vossikka.com\/index.php\/wp-json\/wp\/v2\/media?parent=89"}],"curies":[{"name":"wp","href":"https:\/\/api.w.org\/{rel}","templated":true}]}}